{"id":631,"date":"2020-06-30T14:03:15","date_gmt":"2020-06-30T11:03:15","guid":{"rendered":"https:\/\/www.orbitltd.com.tr\/dis-ticaret\/"},"modified":"2020-07-01T11:50:56","modified_gmt":"2020-07-01T08:50:56","slug":"foreign-trade","status":"publish","type":"page","link":"https:\/\/www.orbitltd.com.tr\/en\/foreign-trade\/","title":{"rendered":"Foreign Trade"},"content":{"rendered":"\n\t\t\t\t<p class=\"rs-p-wp-fix\"><\/p>\n\t\t\t\t<sr7-module data-alias=\"disticaret\" data-id=\"4\" id=\"SR7_4_1\" data-version=\"7.0.9\">\n\t\t\t\t\t<sr7-adjuster><\/sr7-adjuster>\n\t\t\t\t\t<sr7-content>\n\t\t\t\t\t\t<sr7-slide id=\"SR7_4_1-24\" data-key=\"24\">\n\t\t\t\t\t\t\t<sr7-bg id=\"SR7_4_1-24-1\" class=\"sr7-layer\"><noscript><img decoding=\"async\" src=\"https:\/\/www.orbitltd.com.tr\/wp-content\/uploads\/2020\/06\/dis-ticaret-1.jpg\" alt=\"\" title=\"dis-ticaret-1\"><\/noscript><\/sr7-bg>\n\t\t\t\t\t\t<\/sr7-slide>\n\t\t\t\t\t\t<sr7-slide id=\"SR7_4_1-25\" data-key=\"25\">\n\t\t\t\t\t\t\t<sr7-bg id=\"SR7_4_1-25-1\" class=\"sr7-layer\"><noscript><img decoding=\"async\" src=\"https:\/\/www.orbitltd.com.tr\/wp-content\/uploads\/2020\/06\/dis-ticaret-2.jpg\" alt=\"\" title=\"dis-ticaret-2\"><\/noscript><\/sr7-bg>\n\t\t\t\t\t\t<\/sr7-slide>\n\t\t\t\t\t\t<sr7-slide id=\"SR7_4_1-26\" data-key=\"26\">\n\t\t\t\t\t\t\t<sr7-bg id=\"SR7_4_1-26-1\" class=\"sr7-layer\"><noscript><img decoding=\"async\" src=\"https:\/\/www.orbitltd.com.tr\/wp-content\/uploads\/2020\/06\/dis-ticaret-3.jpg\" alt=\"\" title=\"dis-ticaret-3\"><\/noscript><\/sr7-bg>\n\t\t\t\t\t\t<\/sr7-slide>\n\t\t\t\t\t\t<sr7-slide id=\"SR7_4_1-27\" data-key=\"27\">\n\t\t\t\t\t\t\t<sr7-bg id=\"SR7_4_1-27-1\" class=\"sr7-layer\"><noscript><img decoding=\"async\" src=\"https:\/\/www.orbitltd.com.tr\/wp-content\/uploads\/2020\/06\/dis-ticaret-4.jpg\" alt=\"\" title=\"dis-ticaret-4\"><\/noscript><\/sr7-bg>\n\t\t\t\t\t\t<\/sr7-slide>\n\t\t\t\t\t\t<sr7-slide id=\"SR7_4_1-28\" data-key=\"28\">\n\t\t\t\t\t\t\t<sr7-bg id=\"SR7_4_1-28-1\" class=\"sr7-layer\"><noscript><img decoding=\"async\" src=\"https:\/\/www.orbitltd.com.tr\/wp-content\/uploads\/2020\/06\/dis-ticaret-5.jpg\" alt=\"\" title=\"dis-ticaret-5\"><\/noscript><\/sr7-bg>\n\t\t\t\t\t\t<\/sr7-slide>\n\t\t\t\t\t\t<sr7-slide id=\"SR7_4_1-29\" data-key=\"29\">\n\t\t\t\t\t\t\t<sr7-bg id=\"SR7_4_1-29-1\" class=\"sr7-layer\"><noscript><img decoding=\"async\" src=\"https:\/\/www.orbitltd.com.tr\/wp-content\/uploads\/2020\/06\/dis-ticaret-6.jpg\" alt=\"\" title=\"dis-ticaret-6\"><\/noscript><\/sr7-bg>\n\t\t\t\t\t\t<\/sr7-slide>\n\t\t\t\t\t\t<sr7-slide id=\"SR7_4_1-30\" data-key=\"30\">\n\t\t\t\t\t\t\t<sr7-bg id=\"SR7_4_1-30-1\" class=\"sr7-layer\"><noscript><img decoding=\"async\" src=\"https:\/\/www.orbitltd.com.tr\/wp-content\/uploads\/2020\/06\/dis-ticaret-7.jpg\" alt=\"\" title=\"dis-ticaret-7\"><\/noscript><\/sr7-bg>\n\t\t\t\t\t\t<\/sr7-slide>\n\t\t\t\t\t\t<sr7-slide id=\"SR7_4_1-45\" data-key=\"45\">\n\t\t\t\t\t\t<\/sr7-slide>\n\t\t\t\t\t<\/sr7-content>\n\t\t\t\t\t<image_lists style=\"display:none\">\n\t\t\t\t\t\t<img data-src=\"\/\/www.orbitltd.com.tr\/wp-content\/uploads\/revslider\/o\/4\/f862c59daeee82841330feaae1716a47.webp\" data-libid=\"147\" data-lib=\"medialibrary\" title=\"dis-ticaret-1\" width=\"0\" height=\"0\" data-dbsrc=\"Ly93d3cub3JiaXRsdGQuY29tLnRyL3dwLWNvbnRlbnQvdXBsb2Fkcy8yMDIwLzA2L2Rpcy10aWNhcmV0LTEuanBn\"\/>\n\t\t\t\t\t\t<img data-src=\"\/\/www.orbitltd.com.tr\/wp-content\/uploads\/revslider\/o\/4\/67e2c6190b53d024c2b3d8349411c674.webp\" data-libid=\"149\" data-lib=\"medialibrary\" title=\"dis-ticaret-2\" width=\"0\" height=\"0\" data-dbsrc=\"Ly93d3cub3JiaXRsdGQuY29tLnRyL3dwLWNvbnRlbnQvdXBsb2Fkcy8yMDIwLzA2L2Rpcy10aWNhcmV0LTIuanBn\"\/>\n\t\t\t\t\t\t<img data-src=\"\/\/www.orbitltd.com.tr\/wp-content\/uploads\/revslider\/o\/4\/e05d5d4cd645985214372c03b494eea1.webp\" data-libid=\"151\" data-lib=\"medialibrary\" title=\"dis-ticaret-3\" width=\"0\" height=\"0\" data-dbsrc=\"Ly93d3cub3JiaXRsdGQuY29tLnRyL3dwLWNvbnRlbnQvdXBsb2Fkcy8yMDIwLzA2L2Rpcy10aWNhcmV0LTMuanBn\"\/>\n\t\t\t\t\t\t<img data-src=\"\/\/www.orbitltd.com.tr\/wp-content\/uploads\/revslider\/o\/4\/38f82b88c09a0938827ed8d6c5aca25a.webp\" data-libid=\"153\" data-lib=\"medialibrary\" title=\"dis-ticaret-4\" width=\"0\" height=\"0\" data-dbsrc=\"Ly93d3cub3JiaXRsdGQuY29tLnRyL3dwLWNvbnRlbnQvdXBsb2Fkcy8yMDIwLzA2L2Rpcy10aWNhcmV0LTQuanBn\"\/>\n\t\t\t\t\t\t<img data-src=\"\/\/www.orbitltd.com.tr\/wp-content\/uploads\/revslider\/o\/4\/31b22ce25ef49e9d83a01b2a0342371d.webp\" data-libid=\"155\" data-lib=\"medialibrary\" title=\"dis-ticaret-5\" width=\"0\" height=\"0\" data-dbsrc=\"Ly93d3cub3JiaXRsdGQuY29tLnRyL3dwLWNvbnRlbnQvdXBsb2Fkcy8yMDIwLzA2L2Rpcy10aWNhcmV0LTUuanBn\"\/>\n\t\t\t\t\t\t<img data-src=\"\/\/www.orbitltd.com.tr\/wp-content\/uploads\/revslider\/o\/4\/1e1104b7bee3dc584c0c940cf946b41d.webp\" data-libid=\"157\" data-lib=\"medialibrary\" title=\"dis-ticaret-6\" width=\"0\" height=\"0\" data-dbsrc=\"Ly93d3cub3JiaXRsdGQuY29tLnRyL3dwLWNvbnRlbnQvdXBsb2Fkcy8yMDIwLzA2L2Rpcy10aWNhcmV0LTYuanBn\"\/>\n\t\t\t\t\t\t<img data-src=\"\/\/www.orbitltd.com.tr\/wp-content\/uploads\/revslider\/o\/4\/a09875e470a5824cc52c5233d214cf91.webp\" data-libid=\"159\" data-lib=\"medialibrary\" title=\"dis-ticaret-7\" width=\"0\" height=\"0\" data-dbsrc=\"Ly93d3cub3JiaXRsdGQuY29tLnRyL3dwLWNvbnRlbnQvdXBsb2Fkcy8yMDIwLzA2L2Rpcy10aWNhcmV0LTcuanBn\"\/>\n\t\t\t\t\t<\/image_lists>\n\t\t\t\t<\/sr7-module>\n\t\t\t\t<script>\n\t\t\t\t\twindow.SR7??={}; SR7.PMH ??={}; SR7.PMH[\"SR7_4_1\"] = {cn:100,state:false,fn: function() { if (window._tpt!==undefined && window._tpt.prepareModuleHeight !== undefined) {  _tpt.prepareModuleHeight({id:\"SR7_4_1\",el:[271,271,271,271,271],type:'standard',gh:[271,271,271,271,271],gw:[920,920,920,920,920],vpt:['-200px'],size:{fullWidth:false, fullHeight:false},mh:'0',onh:0,onw:0,bg:{color:'{\"orig\":\"transparent\",\"type\":\"solid\",\"string\":\"transparent\"}'},plType:'0',plColor:'#FFFFFF'});   SR7.PMH[\"SR7_4_1\"].state=true;} else if(SR7.PMH[\"SR7_4_1\"].cn-->0)\tsetTimeout( SR7.PMH[\"SR7_4_1\"].fn,19);}};SR7.PMH[\"SR7_4_1\" ].fn();\n\t\t\t\t<\/script>\n\n<h3>Forest products and plywood import<\/h3>\n<p>Orbit imports and distributes SAWLOG, LUMBER and PLYWOOD with regards to construction materials.<\/p>\n<p>Our company that deals with the import and wholesale of forest products offers services at its store located at E-5 Karayolu \u00dczeri Esentepe Mevkii Total benzin \u0130stasyonu Kar\u015f\u0131s\u0131 Gebze \/Kocaeli .<\/p>\n<p>Any types of STRUCTURAL Lumber and Plywood with origins from Romania, Bulgaria and Ukraine are available as ready-to-be-delivered.<\/p>\n<p>Please send an e-mail to the following address for detailed orders and quote requests so that our quote will be delivered to you as early as possible.<\/p>\n<h4>Structural Lumber of Romanian, Bulgarian and Ukrainian origin<\/h4>\n<p><strong>V\u0130ETNAM<\/strong>\u00a0Plywood 1250*2500<\/p>\n<p><strong>MOSTOV DREV<\/strong>\u00a0Plywood (Belarus) 1250*2500<\/p>\n<p><strong>SVEZA<\/strong>\u00a0Plywood (RUSYA) 1250*2500<\/p>\n<h3>Foreign trade of petroleum products<\/h3>\n<table>\n<tbody>\n<tr>\n<td>\n<ul class=\"pdf\">\n<li class=\"pdf\"><a href=\"https:\/\/www.orbitltd.com.tr\/wp-content\/uploads\/2020\/06\/c30s.pdf\" target=\"_blank\" rel=\"noopener noreferrer\">C30s<\/a><\/li>\n<li><a href=\"https:\/\/www.orbitltd.com.tr\/wp-content\/uploads\/2020\/06\/h3000pc.pdf\" target=\"_blank\" rel=\"noopener noreferrer\">h3000PC<\/a><\/li>\n<li><a href=\"https:\/\/www.orbitltd.com.tr\/wp-content\/uploads\/2020\/06\/h5604f.pdf\" target=\"_blank\" rel=\"noopener noreferrer\">H5604F<\/a><\/li>\n<li><a href=\"https:\/\/www.orbitltd.com.tr\/wp-content\/uploads\/2020\/06\/hd6000f-tech.pdf\" target=\"_blank\" rel=\"noopener noreferrer\">HD6000F-TECH<\/a><\/li>\n<li><a href=\"https:\/\/www.orbitltd.com.tr\/wp-content\/uploads\/2020\/06\/hd7000f-tech.pdf\" target=\"_blank\" rel=\"noopener noreferrer\">HD7000F-TECH<\/a><\/li>\n<li><a href=\"https:\/\/www.orbitltd.com.tr\/wp-content\/uploads\/2020\/06\/hd8100m-tech.pdf\" target=\"_blank\" rel=\"noopener noreferrer\">HD8100M-TECH<\/a><\/li>\n<li><a href=\"https:\/\/www.orbitltd.com.tr\/wp-content\/uploads\/2020\/06\/hd8100mb-tech.pdf\" target=\"_blank\" rel=\"noopener noreferrer\">HD8100MB-TECH<\/a><\/li>\n<li><a href=\"https:\/\/www.orbitltd.com.tr\/wp-content\/uploads\/2020\/06\/hdpe-50561.pdf\" target=\"_blank\" rel=\"noopener noreferrer\">HDPE-50561<\/a><\/li>\n<li><a href=\"https:\/\/www.orbitltd.com.tr\/wp-content\/uploads\/2020\/06\/hdpe-h3000p.pdf\" target=\"_blank\" rel=\"noopener noreferrer\">HDPE-h3000P<\/a><\/li>\n<li><a href=\"https:\/\/www.orbitltd.com.tr\/wp-content\/uploads\/2020\/06\/mfi-2-2-tds-braskem-developmental-d153-01-inj-moul-ext.pdf\" target=\"_blank\" rel=\"noopener noreferrer\">mfi 2.2 TDS Braskem Developmental D153 01 inj moul ext<\/a><\/li>\n<li><a href=\"https:\/\/www.orbitltd.com.tr\/wp-content\/uploads\/2020\/06\/mfi-2-2-tds-braskem-polypropylene-h502-25rz-non-woven.pdf\" target=\"_blank\" rel=\"noopener noreferrer\">mfi 2.2 TDS Braskem Polypropylene H502-25RZ non woven<\/a><\/li>\n<\/ul>\n<\/td>\n<td>\n<ul class=\"pdf\">\n<li><a href=\"https:\/\/www.orbitltd.com.tr\/wp-content\/uploads\/2020\/06\/mfi-3-5-bh-03-raffia.pdf\" target=\"_blank\" rel=\"noopener noreferrer\">mfi 3.5 BH-03 Raffia<\/a><\/li>\n<li><a href=\"https:\/\/www.orbitltd.com.tr\/wp-content\/uploads\/2020\/06\/mfi-9-5-homo-tds-braskem-developmental-dh362-01-cast-film.pdf\" target=\"_blank\" rel=\"noopener noreferrer\">mfi 9.5 homo TDS Braskem Developmental DH362 01 cast film<\/a><\/li>\n<li><a href=\"https:\/\/www.orbitltd.com.tr\/wp-content\/uploads\/2020\/06\/mfi-9-5-tds-braskem-developmental-dh357-01-packaging.pdf\" target=\"_blank\" rel=\"noopener noreferrer\">mfi 9.5 TDS Braskem Developmental DH357 01 packaging<\/a><\/li>\n<li><a href=\"https:\/\/www.orbitltd.com.tr\/wp-content\/uploads\/2020\/06\/mfi-12-tds-braskem-polypropylene-dh742-01-inj-moul-caps-closures.pdf\" target=\"_blank\" rel=\"noopener noreferrer\">mfi 12 TDS Braskem Polypropylene DH742 01 inj moul caps closures<\/a><\/li>\n<li><a href=\"https:\/\/www.orbitltd.com.tr\/wp-content\/uploads\/2020\/06\/mfi-25-tds-braskem-developmental-dh502-00-non-woven.pdf\" rel=\"noopener\">mfi 25 TDS Braskem Developmental DH502.00 non woven<\/a><\/li>\n<li><a href=\"https:\/\/www.orbitltd.com.tr\/wp-content\/uploads\/2020\/06\/mfi-25-pp-homo-spunbond-h502-25rg.pdf\" target=\"_blank\" rel=\"noopener noreferrer\">mfi 25 PP homo spunbond H502-25RG<\/a><\/li>\n<li><a href=\"https:\/\/www.orbitltd.com.tr\/wp-content\/uploads\/2020\/06\/mfi-25-tds-braskem-developmental-dh502-00-non-woven-1.pdf\" target=\"_blank\" rel=\"noopener noreferrer\">mfi 25 TDS Braskem Developmental DH502.00 non woven<\/a><\/li>\n<li><a href=\"https:\/\/www.orbitltd.com.tr\/wp-content\/uploads\/2020\/06\/mfi-25-tds-braskem-polypropylene-dh765-01-1-injection-moulding-caps-closures.pdf\" target=\"_blank\" rel=\"noopener noreferrer\">mfi 25 TDS Braskem Polypropylene DH765 01-1 injection moulding caps closures<\/a><\/li>\n<li><a href=\"https:\/\/www.orbitltd.com.tr\/wp-content\/uploads\/2020\/06\/mfi-50-tds-braskem-bh-50-thin-wall-caps-closure.pdf\" target=\"_blank\" rel=\"noopener noreferrer\">mfi 50 TDS Braskem BH-50 thin wall caps closure<\/a><\/li>\n<li><a href=\"https:\/\/www.orbitltd.com.tr\/wp-content\/uploads\/2020\/06\/mfi-50-homo-tds-braskem-polypropylene-dh789-01-thin-wall.pdf\" target=\"_blank\" rel=\"noopener noreferrer\">mfi 50 homo TDS Braskem Polypropylene DH789.01 thin wall<\/a><\/li>\n<\/ul>\n<\/td>\n<\/tr>\n<\/tbody>\n<\/table>\n","protected":false},"excerpt":{"rendered":"<p>Forest products and plywood import Orbit imports and distributes SAWLOG, LUMBER and PLYWOOD with regards to construction materials. Our company that deals with the import and<span class=\"excerpt-hellip\"> [\u2026]<\/span><\/p>\n","protected":false},"author":1,"featured_media":0,"parent":0,"menu_order":0,"comment_status":"closed","ping_status":"closed","template":"","meta":{"rs_blank_template":"","rs_page_bg_color":"#ffffff","slide_template_v7":"","footnotes":""},"class_list":["post-631","page","type-page","status-publish","hentry"],"_links":{"self":[{"href":"https:\/\/www.orbitltd.com.tr\/en\/wp-json\/wp\/v2\/pages\/631","targetHints":{"allow":["GET"]}}],"collection":[{"href":"https:\/\/www.orbitltd.com.tr\/en\/wp-json\/wp\/v2\/pages"}],"about":[{"href":"https:\/\/www.orbitltd.com.tr\/en\/wp-json\/wp\/v2\/types\/page"}],"author":[{"embeddable":true,"href":"https:\/\/www.orbitltd.com.tr\/en\/wp-json\/wp\/v2\/users\/1"}],"replies":[{"embeddable":true,"href":"https:\/\/www.orbitltd.com.tr\/en\/wp-json\/wp\/v2\/comments?post=631"}],"version-history":[{"count":3,"href":"https:\/\/www.orbitltd.com.tr\/en\/wp-json\/wp\/v2\/pages\/631\/revisions"}],"predecessor-version":[{"id":634,"href":"https:\/\/www.orbitltd.com.tr\/en\/wp-json\/wp\/v2\/pages\/631\/revisions\/634"}],"wp:attachment":[{"href":"https:\/\/www.orbitltd.com.tr\/en\/wp-json\/wp\/v2\/media?parent=631"}],"curies":[{"name":"wp","href":"https:\/\/api.w.org\/{rel}","templated":true}]}}