{"id":600,"date":"2020-06-30T13:07:17","date_gmt":"2020-06-30T10:07:17","guid":{"rendered":"https:\/\/www.orbitltd.com.tr\/is-ortaklari\/"},"modified":"2020-07-01T10:45:05","modified_gmt":"2020-07-01T07:45:05","slug":"business-partners","status":"publish","type":"page","link":"https:\/\/www.orbitltd.com.tr\/en\/business-partners\/","title":{"rendered":"Business Partners"},"content":{"rendered":"<p><a href=\"http:\/\/www.teknoraysolar.com.tr\/\" target=\"_blank\" rel=\"noopener noreferrer\"><img loading=\"lazy\" decoding=\"async\" class=\"alignnone wp-image-60 size-full\" src=\"https:\/\/www.orbitltd.com.tr\/wp-content\/uploads\/2020\/06\/teknoraysolar.jpg\" alt=\"\" width=\"178\" height=\"73\" srcset=\"https:\/\/www.orbitltd.com.tr\/wp-content\/uploads\/2020\/06\/teknoraysolar.jpg 178w, https:\/\/www.orbitltd.com.tr\/wp-content\/uploads\/2020\/06\/teknoraysolar-50x21.jpg 50w, https:\/\/www.orbitltd.com.tr\/wp-content\/uploads\/2020\/06\/teknoraysolar-150x62.jpg 150w\" sizes=\"auto, (max-width:767px) 178px, 178px\" \/><\/a> <a href=\"http:\/\/www.promis.com.tr\/\" target=\"_blank\" rel=\"noopener noreferrer\"><img loading=\"lazy\" decoding=\"async\" class=\"alignnone size-full wp-image-56\" src=\"https:\/\/www.orbitltd.com.tr\/wp-content\/uploads\/2020\/06\/promis.jpg\" alt=\"\" width=\"198\" height=\"73\" srcset=\"https:\/\/www.orbitltd.com.tr\/wp-content\/uploads\/2020\/06\/promis.jpg 198w, https:\/\/www.orbitltd.com.tr\/wp-content\/uploads\/2020\/06\/promis-50x18.jpg 50w, https:\/\/www.orbitltd.com.tr\/wp-content\/uploads\/2020\/06\/promis-150x55.jpg 150w\" sizes=\"auto, (max-width:767px) 198px, 198px\" \/><\/a> <a href=\"http:\/\/panoraltd.com\/\" target=\"_blank\" rel=\"noopener noreferrer\"><img loading=\"lazy\" decoding=\"async\" class=\"alignnone size-full wp-image-54\" src=\"https:\/\/www.orbitltd.com.tr\/wp-content\/uploads\/2020\/06\/panora.jpg\" alt=\"\" width=\"178\" height=\"73\" srcset=\"https:\/\/www.orbitltd.com.tr\/wp-content\/uploads\/2020\/06\/panora.jpg 178w, https:\/\/www.orbitltd.com.tr\/wp-content\/uploads\/2020\/06\/panora-50x21.jpg 50w, https:\/\/www.orbitltd.com.tr\/wp-content\/uploads\/2020\/06\/panora-150x62.jpg 150w\" sizes=\"auto, (max-width:767px) 178px, 178px\" \/><\/a><\/p>\n<p><a href=\"http:\/\/www.teknomaccaferri.com.tr\/\" target=\"_blank\" rel=\"noopener noreferrer\"><img loading=\"lazy\" decoding=\"async\" class=\"alignnone size-full wp-image-58\" src=\"https:\/\/www.orbitltd.com.tr\/wp-content\/uploads\/2020\/06\/teknomaccaferri.jpg\" alt=\"\" width=\"178\" height=\"73\" srcset=\"https:\/\/www.orbitltd.com.tr\/wp-content\/uploads\/2020\/06\/teknomaccaferri.jpg 178w, https:\/\/www.orbitltd.com.tr\/wp-content\/uploads\/2020\/06\/teknomaccaferri-50x21.jpg 50w, https:\/\/www.orbitltd.com.tr\/wp-content\/uploads\/2020\/06\/teknomaccaferri-150x62.jpg 150w\" sizes=\"auto, (max-width:767px) 178px, 178px\" \/><\/a> <a href=\"http:\/\/www.bgm.com.tr\/\" target=\"_blank\" rel=\"noopener noreferrer\"><img loading=\"lazy\" decoding=\"async\" class=\"alignnone size-full wp-image-50\" src=\"https:\/\/www.orbitltd.com.tr\/wp-content\/uploads\/2020\/06\/bgm.jpg\" alt=\"\" width=\"198\" height=\"73\" srcset=\"https:\/\/www.orbitltd.com.tr\/wp-content\/uploads\/2020\/06\/bgm.jpg 198w, https:\/\/www.orbitltd.com.tr\/wp-content\/uploads\/2020\/06\/bgm-50x18.jpg 50w, https:\/\/www.orbitltd.com.tr\/wp-content\/uploads\/2020\/06\/bgm-150x55.jpg 150w\" sizes=\"auto, (max-width:767px) 198px, 198px\" \/><\/a> <a href=\"https:\/\/www.doka.com\/\" target=\"_blank\" rel=\"noopener noreferrer\"><img loading=\"lazy\" decoding=\"async\" class=\"alignnone size-full wp-image-52\" src=\"https:\/\/www.orbitltd.com.tr\/wp-content\/uploads\/2020\/06\/doka.jpg\" alt=\"\" width=\"178\" height=\"73\" srcset=\"https:\/\/www.orbitltd.com.tr\/wp-content\/uploads\/2020\/06\/doka.jpg 178w, https:\/\/www.orbitltd.com.tr\/wp-content\/uploads\/2020\/06\/doka-50x21.jpg 50w, https:\/\/www.orbitltd.com.tr\/wp-content\/uploads\/2020\/06\/doka-150x62.jpg 150w\" sizes=\"auto, (max-width:767px) 178px, 178px\" \/><\/a><\/p>\n<ul>\n<li><a href=\"http:\/\/www.promis.com.tr\/\" target=\"_blank\" rel=\"noopener noreferrer\">ProMIS &#8211; Process Control and Managment Information Systems<br \/>\n<\/a><\/li>\n<li><a href=\"http:\/\/www.bgm.com.tr\/\" target=\"_blank\" rel=\"noopener noreferrer\"> BGM M\u00fchendislik LTD. \u015eT\u0130.<\/a><\/li>\n<li><a href=\"http:\/\/www.teknoraysolar.com.tr\/index.html?lang=tr\" target=\"_blank\" rel=\"noopener noreferrer\">TEKNO RAY SOLAR A\u015e &#8211; Photovoltaic Solar Energy Systems and Engineering Services<br \/>\n<\/a><\/li>\n<li><a href=\"http:\/\/www.teknomaccaferri.com.tr\/\" target=\"_blank\" rel=\"noopener noreferrer\">Tekno Maccaferri A\u015e &#8211; Eco-friendly Infrastructure Materials and Applications<br \/>\n<\/a><\/li>\n<li><a href=\"http:\/\/panoraltd.com\/\" target=\"_blank\" rel=\"noopener noreferrer\">Panora \u0130\u00e7 ve D\u0131\u015f Ticaret Ltd.<\/a><\/li>\n<\/ul>\n","protected":false},"excerpt":{"rendered":"<p>ProMIS &#8211; Process Control and Managment Information Systems BGM M\u00fchendislik LTD. \u015eT\u0130. TEKNO RAY SOLAR A\u015e &#8211; Photovoltaic Solar Energy Systems and Engineering Services Tekno Maccaferri<span class=\"excerpt-hellip\"> [\u2026]<\/span><\/p>\n","protected":false},"author":1,"featured_media":0,"parent":0,"menu_order":0,"comment_status":"closed","ping_status":"closed","template":"","meta":{"rs_blank_template":"","rs_page_bg_color":"#ffffff","slide_template_v7":"","footnotes":""},"class_list":["post-600","page","type-page","status-publish","hentry"],"_links":{"self":[{"href":"https:\/\/www.orbitltd.com.tr\/en\/wp-json\/wp\/v2\/pages\/600","targetHints":{"allow":["GET"]}}],"collection":[{"href":"https:\/\/www.orbitltd.com.tr\/en\/wp-json\/wp\/v2\/pages"}],"about":[{"href":"https:\/\/www.orbitltd.com.tr\/en\/wp-json\/wp\/v2\/types\/page"}],"author":[{"embeddable":true,"href":"https:\/\/www.orbitltd.com.tr\/en\/wp-json\/wp\/v2\/users\/1"}],"replies":[{"embeddable":true,"href":"https:\/\/www.orbitltd.com.tr\/en\/wp-json\/wp\/v2\/comments?post=600"}],"version-history":[{"count":2,"href":"https:\/\/www.orbitltd.com.tr\/en\/wp-json\/wp\/v2\/pages\/600\/revisions"}],"predecessor-version":[{"id":602,"href":"https:\/\/www.orbitltd.com.tr\/en\/wp-json\/wp\/v2\/pages\/600\/revisions\/602"}],"wp:attachment":[{"href":"https:\/\/www.orbitltd.com.tr\/en\/wp-json\/wp\/v2\/media?parent=600"}],"curies":[{"name":"wp","href":"https:\/\/api.w.org\/{rel}","templated":true}]}}